{"id":12595,"date":"2023-08-24T10:12:28","date_gmt":"2023-08-24T10:12:28","guid":{"rendered":"https:\/\/staging.archibus.ro\/studii-de-caz\/"},"modified":"2024-01-30T12:23:35","modified_gmt":"2024-01-30T12:23:35","slug":"studii-de-caz","status":"publish","type":"page","link":"https:\/\/staging.archibus.ro\/en\/studii-de-caz\/","title":{"rendered":"Studii de caz"},"content":{"rendered":"<section class=\"wpb-content-wrapper\"><p>[vc_row full_width=&#8221;stretch_row&#8221; css=&#8221;.vc_custom_1692873512489{padding-top: 100px !important;padding-bottom: 100px !important;}&#8221;][vc_column css=&#8221;.vc_custom_1515686761275{padding-right: 0px !important;padding-left: 0px !important;}&#8221;][vc_row_inner][vc_column_inner]<header class=\"kd-section-title vc_col-lg-6 vc_col-sm-8 text-center  kd-animated fadeIn   vc_custom_1692876427320\" data-animation-delay=200><h2 class=\"separator_off\" >Consult\u0103 studiile de caz din ecosistemul Archibus<\/h2><h6 class=\"subtitle \" >Descoper\u0103 realiz\u0103ri tangibile \u015fi afl\u0103 planurile de viitor ale liderilor din \u00eentreaga lume<\/h6><\/header>[\/vc_column_inner][\/vc_row_inner][vc_row_inner css=&#8221;.vc_custom_1586285995816{margin-bottom: 30px !important;}&#8221;][vc_column_inner width=&#8221;1\/3&#8243; css=&#8221;.vc_custom_1586286000110{padding-right: 0px !important;padding-left: 0px !important;}&#8221;]<div class=\"kd-photobox  \" ><div class=\"photobox-img\"><a href=\"\/wp-content\/uploads\/2023\/08\/CA-ARC-297-EN_Archibus-by-Eptura-Vodafone-Case-study.pdf\"  title=\"\"><img loading=\"lazy\" decoding=\"async\" width=\"450\" height=\"280\" src=\"https:\/\/staging.archibus.ro\/wp-content\/uploads\/2023\/08\/csvf-1.jpg\" class=\"attachment-full\" alt=\"\" title=\"cs+vf\" srcset=\"https:\/\/staging.archibus.ro\/wp-content\/uploads\/2023\/08\/csvf-1.jpg 450w, https:\/\/staging.archibus.ro\/wp-content\/uploads\/2023\/08\/csvf-1-300x187.jpg 300w, https:\/\/staging.archibus.ro\/wp-content\/uploads\/2023\/08\/csvf-1-400x250.jpg 400w\" sizes=\"(max-width: 450px) 100vw, 450px\" \/><\/a><\/div><div class=\"phb-content text-left \" >\n                  <h5 >Vodafone<\/h5>\n                  <p >Date mai rapide, mai precise \u0219i mai accesibile privind spa\u021biul \u0219i personalul, pentru o mai bun\u0103 gestionare a portofoliului \u0219i a afacerii.<\/p><div class=\"phb-btncontainer\">\n                        <a class=\"phb-simple-link button-action-link\" href=\"\/wp-content\/uploads\/2023\/08\/CA-ARC-297-EN_Archibus-by-Eptura-Vodafone-Case-study.pdf\"  title=\"\" >Descarc\u0103<\/a>\n                    <\/div><\/div><\/div>[\/vc_column_inner][vc_column_inner width=&#8221;1\/3&#8243; css=&#8221;.vc_custom_1586286012881{padding-right: 0px !important;padding-left: 0px !important;}&#8221;]<div class=\"kd-photobox  \" ><div class=\"photobox-img\"><a href=\"\/wp-content\/uploads\/2023\/08\/CA-ARC-295-EN_Archibus-by-Eptura-Telefonica-de-Espana-Case-study.pdf\"  title=\"\"><img loading=\"lazy\" decoding=\"async\" width=\"450\" height=\"280\" src=\"https:\/\/staging.archibus.ro\/wp-content\/uploads\/2023\/08\/cste.jpg\" class=\"attachment-full\" alt=\"\" title=\"cs+te\" srcset=\"https:\/\/staging.archibus.ro\/wp-content\/uploads\/2023\/08\/cste.jpg 450w, https:\/\/staging.archibus.ro\/wp-content\/uploads\/2023\/08\/cste-300x187.jpg 300w, https:\/\/staging.archibus.ro\/wp-content\/uploads\/2023\/08\/cste-400x250.jpg 400w\" sizes=\"(max-width: 450px) 100vw, 450px\" \/><\/a><\/div><div class=\"phb-content text-left \" >\n                  <h5 >Telef\u00f3nica de Espa\u00f1a, SAU<\/h5>\n                  <p >Economii de peste 1 miliard de dolari prin ra\u021bionalizarea propriet\u0103\u021bilor imobiliare \u0219i a proceselor din \u00eentreaga lume folosind Archibus.<\/p><div class=\"phb-btncontainer\">\n                        <a class=\"phb-simple-link button-action-link\" href=\"\/wp-content\/uploads\/2023\/08\/CA-ARC-295-EN_Archibus-by-Eptura-Telefonica-de-Espana-Case-study.pdf\"  title=\"\" >Descarc\u0103<\/a>\n                    <\/div><\/div><\/div>[\/vc_column_inner][vc_column_inner width=&#8221;1\/3&#8243; css=&#8221;.vc_custom_1586286016899{padding-right: 0px !important;padding-left: 0px !important;}&#8221;]<div class=\"kd-photobox  \" ><div class=\"photobox-img\"><a href=\"\/wp-content\/uploads\/2023\/08\/CA-ARC-284-EN_Archibus-by-Eptura-University-of-New-South-Wales-case-study.pdf\"  title=\"\"><img loading=\"lazy\" decoding=\"async\" width=\"450\" height=\"280\" src=\"https:\/\/staging.archibus.ro\/wp-content\/uploads\/2023\/08\/csunsw.jpg\" class=\"attachment-full\" alt=\"\" title=\"cs+unsw\" srcset=\"https:\/\/staging.archibus.ro\/wp-content\/uploads\/2023\/08\/csunsw.jpg 450w, https:\/\/staging.archibus.ro\/wp-content\/uploads\/2023\/08\/csunsw-300x187.jpg 300w, https:\/\/staging.archibus.ro\/wp-content\/uploads\/2023\/08\/csunsw-400x250.jpg 400w\" sizes=\"(max-width: 450px) 100vw, 450px\" \/><\/a><\/div><div class=\"phb-content text-left \" >\n                  <h5 >Universitatea New South Wales<\/h5>\n                  <p >Cea mai important\u0103 universitate interna\u021bional\u0103 din Australia atinge obiectivele de excelen\u021b\u0103 opera\u021bional\u0103 cu Archibus.<\/p><div class=\"phb-btncontainer\">\n                        <a class=\"phb-simple-link button-action-link\" href=\"\/wp-content\/uploads\/2023\/08\/CA-ARC-284-EN_Archibus-by-Eptura-University-of-New-South-Wales-case-study.pdf\"  title=\"\" >Descarc\u0103<\/a>\n                    <\/div><\/div><\/div>[\/vc_column_inner][\/vc_row_inner][vc_row_inner css=&#8221;.vc_custom_1586285995816{margin-bottom: 30px !important;}&#8221;][vc_column_inner width=&#8221;1\/3&#8243; css=&#8221;.vc_custom_1586286000110{padding-right: 0px !important;padding-left: 0px !important;}&#8221;]<div class=\"kd-photobox  \" ><div class=\"photobox-img\"><a href=\"\/wp-content\/uploads\/2023\/08\/CA-ARC-283-EN_Archibus-by-Eptura-First-National-Bank-of-Omaha-case-study.pdf\"  title=\"\"><img loading=\"lazy\" decoding=\"async\" width=\"450\" height=\"280\" src=\"https:\/\/staging.archibus.ro\/wp-content\/uploads\/2023\/08\/csfnbo.jpg\" class=\"attachment-full\" alt=\"\" title=\"cs+fnbo\" srcset=\"https:\/\/staging.archibus.ro\/wp-content\/uploads\/2023\/08\/csfnbo.jpg 450w, https:\/\/staging.archibus.ro\/wp-content\/uploads\/2023\/08\/csfnbo-300x187.jpg 300w, https:\/\/staging.archibus.ro\/wp-content\/uploads\/2023\/08\/csfnbo-400x250.jpg 400w\" sizes=\"(max-width: 450px) 100vw, 450px\" \/><\/a><\/div><div class=\"phb-content text-left \" >\n                  <h5 >First National Bank of Omaha<\/h5>\n                  <p >Cu date centralizate \u0219i precise \u0219i procesele de afaceri \u00eembun\u0103t\u0103\u021bite, FNBI estimeaz\u0103 o economie de p\u00e2n\u0103 la 70.000 USD anual \u00een eficien\u021ba opera\u021bional\u0103.<\/p><div class=\"phb-btncontainer\">\n                        <a class=\"phb-simple-link button-action-link\" href=\"\/wp-content\/uploads\/2023\/08\/CA-ARC-283-EN_Archibus-by-Eptura-First-National-Bank-of-Omaha-case-study.pdf\"  title=\"\" >Descarc\u0103<\/a>\n                    <\/div><\/div><\/div>[\/vc_column_inner][vc_column_inner width=&#8221;1\/3&#8243; css=&#8221;.vc_custom_1586286012881{padding-right: 0px !important;padding-left: 0px !important;}&#8221;]<div class=\"kd-photobox  \" ><div class=\"photobox-img\"><a href=\"\/wp-content\/uploads\/2023\/08\/CA-ARC-285-EN_Archibus-by-Eptura-Wuhan-University-case-study.pdf\"  title=\"\"><img loading=\"lazy\" decoding=\"async\" width=\"450\" height=\"280\" src=\"https:\/\/staging.archibus.ro\/wp-content\/uploads\/2023\/08\/cswu.jpg\" class=\"attachment-full\" alt=\"\" title=\"cs+wu\" srcset=\"https:\/\/staging.archibus.ro\/wp-content\/uploads\/2023\/08\/cswu.jpg 450w, https:\/\/staging.archibus.ro\/wp-content\/uploads\/2023\/08\/cswu-300x187.jpg 300w, https:\/\/staging.archibus.ro\/wp-content\/uploads\/2023\/08\/cswu-400x250.jpg 400w\" sizes=\"(max-width: 450px) 100vw, 450px\" \/><\/a><\/div><div class=\"phb-content text-left \" >\n                  <h5 >Univeristatea Wuhan<\/h5>\n                  <p >Cu informa\u021bii precise \u0219i desene centralizate \u00een Archibus, Universitatea Wuhan are \u00een sf\u00e2r\u0219it un set precis de desene ale cl\u0103dirilor, care sunt acum u\u0219or de accesat.<\/p><div class=\"phb-btncontainer\">\n                        <a class=\"phb-simple-link button-action-link\" href=\"\/wp-content\/uploads\/2023\/08\/CA-ARC-285-EN_Archibus-by-Eptura-Wuhan-University-case-study.pdf\"  title=\"\" >Descarc\u0103<\/a>\n                    <\/div><\/div><\/div>[\/vc_column_inner][vc_column_inner width=&#8221;1\/3&#8243; css=&#8221;.vc_custom_1586286016899{padding-right: 0px !important;padding-left: 0px !important;}&#8221;]<div class=\"kd-photobox  \" ><div class=\"photobox-img\"><a href=\"\/wp-content\/uploads\/2023\/08\/CA-ARC-296-EN_Archibus-by-Eptura-UMass-Medical-Case-study.pdf\"  title=\"\"><img loading=\"lazy\" decoding=\"async\" width=\"450\" height=\"280\" src=\"https:\/\/staging.archibus.ro\/wp-content\/uploads\/2023\/08\/csum.jpg\" class=\"attachment-full\" alt=\"\" title=\"cs+um\" srcset=\"https:\/\/staging.archibus.ro\/wp-content\/uploads\/2023\/08\/csum.jpg 450w, https:\/\/staging.archibus.ro\/wp-content\/uploads\/2023\/08\/csum-300x187.jpg 300w, https:\/\/staging.archibus.ro\/wp-content\/uploads\/2023\/08\/csum-400x250.jpg 400w\" sizes=\"(max-width: 450px) 100vw, 450px\" \/><\/a><\/div><div class=\"phb-content text-left \" >\n                  <h5 >UMass Medical<\/h5>\n                  <p >Massachusetts Medical Consortium \u00eembun\u0103t\u0103\u021be\u0219te opera\u021biunile administrative \u0219i raportarea A-21 folosind o singur\u0103 platform\u0103 centralizat\u0103 \u2013 Archibus<\/p><div class=\"phb-btncontainer\">\n                        <a class=\"phb-simple-link button-action-link\" href=\"\/wp-content\/uploads\/2023\/08\/CA-ARC-296-EN_Archibus-by-Eptura-UMass-Medical-Case-study.pdf\"  title=\"\" >Descarc\u0103<\/a>\n                    <\/div><\/div><\/div>[\/vc_column_inner][\/vc_row_inner][vc_row_inner css=&#8221;.vc_custom_1586285995816{margin-bottom: 30px !important;}&#8221;][vc_column_inner width=&#8221;1\/3&#8243; css=&#8221;.vc_custom_1586286000110{padding-right: 0px !important;padding-left: 0px !important;}&#8221;]<div class=\"kd-photobox  \" ><div class=\"photobox-img\"><a href=\"\/wp-content\/uploads\/2023\/08\/CA-ARC-294-EN_Archibus-by-Eptura-Nanyang-University-Case-study.pdf\"  title=\"\"><img loading=\"lazy\" decoding=\"async\" width=\"450\" height=\"280\" src=\"https:\/\/staging.archibus.ro\/wp-content\/uploads\/2023\/08\/csna.jpg\" class=\"attachment-full\" alt=\"\" title=\"cs+na\" srcset=\"https:\/\/staging.archibus.ro\/wp-content\/uploads\/2023\/08\/csna.jpg 450w, https:\/\/staging.archibus.ro\/wp-content\/uploads\/2023\/08\/csna-300x187.jpg 300w, https:\/\/staging.archibus.ro\/wp-content\/uploads\/2023\/08\/csna-400x250.jpg 400w\" sizes=\"(max-width: 450px) 100vw, 450px\" \/><\/a><\/div><div class=\"phb-content text-left \" >\n                  <h5 >Universitatea Nanyang<\/h5>\n                  <p >Cea mai mare universitate din Singapore transform\u0103 managementul spa\u021biului cu BIM. Utilizatorii pot acum accesa at\u00e2t vederi 2D, c\u00e2t \u0219i 3D ale configura\u021biilor de s\u0103li sau etaje ale universit\u0103\u021bii.<\/p><div class=\"phb-btncontainer\">\n                        <a class=\"phb-simple-link button-action-link\" href=\"\/wp-content\/uploads\/2023\/08\/CA-ARC-294-EN_Archibus-by-Eptura-Nanyang-University-Case-study.pdf\"  title=\"\" >Descarc\u0103<\/a>\n                    <\/div><\/div><\/div>[\/vc_column_inner][vc_column_inner width=&#8221;1\/3&#8243; css=&#8221;.vc_custom_1586286012881{padding-right: 0px !important;padding-left: 0px !important;}&#8221;]<div class=\"kd-photobox  \" ><div class=\"photobox-img\"><a href=\"\/wp-content\/uploads\/2023\/08\/CA-ARC-293-EN_Archibus-by-Eptura-Duke-University-Case-study.pdf\"  title=\"\"><img loading=\"lazy\" decoding=\"async\" width=\"450\" height=\"280\" src=\"https:\/\/staging.archibus.ro\/wp-content\/uploads\/2023\/08\/csdu.jpg\" class=\"attachment-full\" alt=\"\" title=\"cs+du\" srcset=\"https:\/\/staging.archibus.ro\/wp-content\/uploads\/2023\/08\/csdu.jpg 450w, https:\/\/staging.archibus.ro\/wp-content\/uploads\/2023\/08\/csdu-300x187.jpg 300w, https:\/\/staging.archibus.ro\/wp-content\/uploads\/2023\/08\/csdu-400x250.jpg 400w\" sizes=\"(max-width: 450px) 100vw, 450px\" \/><\/a><\/div><div class=\"phb-content text-left \" >\n                  <h5 >Universitatea Duke<\/h5>\n                  <p >Dep\u0103\u0219irea smog-ului de date: cre\u0219terea \u00eencrederii \u00een datele de spa\u0163iu, raportare mai u\u0219oar\u0103 a recuper\u0103rii costurilor indirecte \u015fi capacit\u0103\u021bi \u00eembun\u0103t\u0103\u021bite de planificare \u0219i bugetare.<\/p><div class=\"phb-btncontainer\">\n                        <a class=\"phb-simple-link button-action-link\" href=\"\/wp-content\/uploads\/2023\/08\/CA-ARC-293-EN_Archibus-by-Eptura-Duke-University-Case-study.pdf\"  title=\"\" >Descarc\u0103<\/a>\n                    <\/div><\/div><\/div>[\/vc_column_inner][vc_column_inner width=&#8221;1\/3&#8243; css=&#8221;.vc_custom_1586286016899{padding-right: 0px !important;padding-left: 0px !important;}&#8221;][\/vc_column_inner][\/vc_row_inner][\/vc_column][\/vc_row][vc_row full_width=&#8221;stretch_row&#8221; css=&#8221;.vc_custom_1692881096289{background-color: #0d122f !important;}&#8221;][vc_column][vc_row_inner css=&#8221;.vc_custom_1556019309541{padding-top: 100px !important;padding-bottom: 100px !important;}&#8221;][vc_column_inner width=&#8221;1\/6&#8243;][\/vc_column_inner][vc_column_inner width=&#8221;2\/3&#8243;][vc_column_text]<\/p>\n<p style=\"text-align: center;\"><strong><span style=\"color: #ffffff;\">S\u0103 continu\u0103m conversa\u021bia!<\/span><\/strong><\/p>\n<p>[\/vc_column_text][vc_custom_heading text=&#8221;\u00censcrie-te la buletinul nostru informativ pentru a primi informa\u0163ii \u015fi perspective unice din partea re\u0163elei noastre locale \u015fi globale de exper\u0163i, \u015ftiri \u015fi invita\u0163ii la evenimente.&#8221; font_container=&#8221;tag:h3|text_align:center|color:%23ffffff&#8221; use_theme_fonts=&#8221;yes&#8221; css=&#8221;.vc_custom_1693905602654{margin-bottom: 35px !important;}&#8221;]<div class=\"kd-contact-form full-width-cf    wpcf7-email-single\" >\n<div class=\"wpcf7 no-js\" id=\"wpcf7-f12869-o1\" lang=\"en-US\" dir=\"ltr\">\n<div class=\"screen-reader-response\"><p role=\"status\" aria-live=\"polite\" aria-atomic=\"true\"><\/p> <ul><\/ul><\/div>\n<form action=\"\/en\/wp-json\/wp\/v2\/pages\/12595#wpcf7-f12869-o1\" method=\"post\" class=\"wpcf7-form init\" aria-label=\"Contact form\" novalidate=\"novalidate\" data-status=\"init\">\n<div style=\"display: none;\">\n<input type=\"hidden\" name=\"_wpcf7\" value=\"12869\" \/>\n<input type=\"hidden\" name=\"_wpcf7_version\" value=\"5.8.6\" \/>\n<input type=\"hidden\" name=\"_wpcf7_locale\" value=\"en_US\" \/>\n<input type=\"hidden\" name=\"_wpcf7_unit_tag\" value=\"wpcf7-f12869-o1\" \/>\n<input type=\"hidden\" name=\"_wpcf7_container_post\" value=\"0\" \/>\n<input type=\"hidden\" name=\"_wpcf7_posted_data_hash\" value=\"\" \/>\n<input type=\"hidden\" name=\"_wpcf7_recaptcha_response\" value=\"\" \/>\n<\/div>\n<div class=\"uacf7-form-12869\"><span class=\"wpcf7-form-control-wrap\" data-name=\"email\"><input size=\"40\" class=\"wpcf7-form-control wpcf7-text wpcf7-validates-as-required\" aria-required=\"true\" aria-invalid=\"false\" placeholder=\"Enter your email address and press Enter.\" value=\"\" type=\"text\" name=\"email\" \/><\/span>\n<br><br>\n<center><p style=\"font-size:12px\";>By completing and submitting this form, I declare that I agree to receive communications from <b>Archibus Solution Center - Romania<\/b> and allow the storage and processing of my personal data in accordance with the terms and provisions of the <b><a href=\"\/privacy-policy\/\" target=\"_blank\">privacy policy<\/a><\/b>.<p><\/center><\/div><p style=\"display: none !important;\" class=\"akismet-fields-container\" data-prefix=\"_wpcf7_ak_\"><label>&#916;<textarea name=\"_wpcf7_ak_hp_textarea\" cols=\"45\" rows=\"8\" maxlength=\"100\"><\/textarea><\/label><input type=\"hidden\" id=\"ak_js_1\" name=\"_wpcf7_ak_js\" value=\"117\"\/><script>document.getElementById( \"ak_js_1\" ).setAttribute( \"value\", ( new Date() ).getTime() );<\/script><\/p><div class=\"wpcf7-response-output\" aria-hidden=\"true\"><\/div>\n<\/form>\n<\/div>\n<\/div>[\/vc_column_inner][vc_column_inner width=&#8221;1\/6&#8243;][\/vc_column_inner][\/vc_row_inner][\/vc_column][\/vc_row]<\/p>\n<\/section>","protected":false},"excerpt":{"rendered":"<p>[vc_row full_width=&#8221;stretch_row&#8221; css=&#8221;.vc_custom_1692873512489{padding-top: 100px !important;padding-bottom: 100px !important;}&#8221;][vc_column css=&#8221;.vc_custom_1515686761275{padding-right: 0px !important;padding-left: 0px !important;}&#8221;][vc_row_inner][vc_column_inner][\/vc_column_inner][\/vc_row_inner][vc_row_inner css=&#8221;.vc_custom_1586285995816{margin-bottom: 30px !important;}&#8221;][vc_column_inner width=&#8221;1\/3&#8243; css=&#8221;.vc_custom_1586286000110{padding-right: 0px !important;padding-left: 0px !important;}&#8221;][\/vc_column_inner][vc_column_inner width=&#8221;1\/3&#8243; css=&#8221;.vc_custom_1586286012881{padding-right: 0px !important;padding-left: 0px !important;}&#8221;][\/vc_column_inner][vc_column_inner width=&#8221;1\/3&#8243; css=&#8221;.vc_custom_1586286016899{padding-right: 0px !important;padding-left: 0px !important;}&#8221;][\/vc_column_inner][\/vc_row_inner][vc_row_inner css=&#8221;.vc_custom_1586285995816{margin-bottom: 30px !important;}&#8221;][vc_column_inner width=&#8221;1\/3&#8243; css=&#8221;.vc_custom_1586286000110{padding-right: 0px !important;padding-left: 0px !important;}&#8221;][\/vc_column_inner][vc_column_inner width=&#8221;1\/3&#8243; css=&#8221;.vc_custom_1586286012881{padding-right: 0px !important;padding-left: 0px !important;}&#8221;][\/vc_column_inner][vc_column_inner width=&#8221;1\/3&#8243; css=&#8221;.vc_custom_1586286016899{padding-right: 0px !important;padding-left: 0px !important;}&#8221;][\/vc_column_inner][\/vc_row_inner][vc_row_inner css=&#8221;.vc_custom_1586285995816{margin-bottom: [&hellip;]<\/p>\n","protected":false},"author":4,"featured_media":0,"parent":0,"menu_order":0,"comment_status":"closed","ping_status":"closed","template":"","meta":{"footnotes":""},"_links":{"self":[{"href":"https:\/\/staging.archibus.ro\/en\/wp-json\/wp\/v2\/pages\/12595"}],"collection":[{"href":"https:\/\/staging.archibus.ro\/en\/wp-json\/wp\/v2\/pages"}],"about":[{"href":"https:\/\/staging.archibus.ro\/en\/wp-json\/wp\/v2\/types\/page"}],"author":[{"embeddable":true,"href":"https:\/\/staging.archibus.ro\/en\/wp-json\/wp\/v2\/users\/4"}],"replies":[{"embeddable":true,"href":"https:\/\/staging.archibus.ro\/en\/wp-json\/wp\/v2\/comments?post=12595"}],"version-history":[{"count":4,"href":"https:\/\/staging.archibus.ro\/en\/wp-json\/wp\/v2\/pages\/12595\/revisions"}],"predecessor-version":[{"id":12876,"href":"https:\/\/staging.archibus.ro\/en\/wp-json\/wp\/v2\/pages\/12595\/revisions\/12876"}],"wp:attachment":[{"href":"https:\/\/staging.archibus.ro\/en\/wp-json\/wp\/v2\/media?parent=12595"}],"curies":[{"name":"wp","href":"https:\/\/api.w.org\/{rel}","templated":true}]}}