{"id":12492,"date":"2023-09-01T07:02:51","date_gmt":"2023-09-01T07:02:51","guid":{"rendered":"https:\/\/staging.archibus.ro\/brosuri\/"},"modified":"2024-01-30T12:24:06","modified_gmt":"2024-01-30T12:24:06","slug":"brosuri","status":"publish","type":"page","link":"https:\/\/staging.archibus.ro\/en\/brosuri\/","title":{"rendered":"Bro\u0219uri"},"content":{"rendered":"<section class=\"wpb-content-wrapper\"><p>[vc_row full_width=&#8221;stretch_row&#8221; css=&#8221;.vc_custom_1692873512489{padding-top: 100px !important;padding-bottom: 100px !important;}&#8221;][vc_column css=&#8221;.vc_custom_1515686761275{padding-right: 0px !important;padding-left: 0px !important;}&#8221;][vc_row_inner][vc_column_inner]<header class=\"kd-section-title vc_col-lg-6 vc_col-sm-8 text-center  kd-animated fadeIn   vc_custom_1704969324199\" data-animation-delay=200><h2 class=\"separator_off\" >Cele mai recente informa\u021bii de care chiar ai nevoie<\/h2><h6 class=\"subtitle \" >Ob\u021bine o perspectiv\u0103 asupra celor mai bune practici din domeniu \u0219i afl\u0103 cum po\u021bi ob\u021bine succesul utiliz\u00e2nd solu\u021biile Archibus<\/h6><\/header>[\/vc_column_inner][\/vc_row_inner][vc_row_inner css=&#8221;.vc_custom_1586285995816{margin-bottom: 30px !important;}&#8221;][vc_column_inner css=&#8221;.vc_custom_1586286000110{padding-right: 0px !important;padding-left: 0px !important;}&#8221;][vc_basic_grid post_type=&#8221;post&#8221; max_items=&#8221;9&#8243; style=&#8221;load-more&#8221; items_per_page=&#8221;9&#8243; item=&#8221;3729&#8243; grid_id=&#8221;vc_gid:1706617439004-cd6299f1-07eb-8&#8243; taxonomies=&#8221;119&#8243;][\/vc_column_inner][\/vc_row_inner][\/vc_column][\/vc_row][vc_row full_width=&#8221;stretch_row&#8221; css=&#8221;.vc_custom_1692881096289{background-color: #0d122f !important;}&#8221;][vc_column][vc_row_inner css=&#8221;.vc_custom_1556019309541{padding-top: 100px !important;padding-bottom: 100px !important;}&#8221;][vc_column_inner width=&#8221;1\/6&#8243;][\/vc_column_inner][vc_column_inner width=&#8221;2\/3&#8243;][vc_column_text]<\/p>\n<p style=\"text-align: center;\"><strong><span style=\"color: #ffffff;\">S\u0103 continu\u0103m conversa\u021bia!<\/span><\/strong><\/p>\n<p>[\/vc_column_text][vc_custom_heading text=&#8221;\u00censcrie-te la buletinul nostru informativ pentru a primi informa\u0163ii \u015fi perspective unice din partea re\u0163elei noastre locale \u015fi globale de exper\u0163i, \u015ftiri \u015fi invita\u0163ii la evenimente.&#8221; font_container=&#8221;tag:h3|text_align:center|color:%23ffffff&#8221; use_theme_fonts=&#8221;yes&#8221; css=&#8221;.vc_custom_1693905602654{margin-bottom: 35px !important;}&#8221;]<div class=\"kd-contact-form full-width-cf    wpcf7-email-single\" >\n<div class=\"wpcf7 no-js\" id=\"wpcf7-f12869-o1\" lang=\"en-US\" dir=\"ltr\">\n<div class=\"screen-reader-response\"><p role=\"status\" aria-live=\"polite\" aria-atomic=\"true\"><\/p> <ul><\/ul><\/div>\n<form action=\"\/en\/wp-json\/wp\/v2\/pages\/12492#wpcf7-f12869-o1\" method=\"post\" class=\"wpcf7-form init\" aria-label=\"Contact form\" novalidate=\"novalidate\" data-status=\"init\">\n<div style=\"display: none;\">\n<input type=\"hidden\" name=\"_wpcf7\" value=\"12869\" \/>\n<input type=\"hidden\" name=\"_wpcf7_version\" value=\"5.8.6\" \/>\n<input type=\"hidden\" name=\"_wpcf7_locale\" value=\"en_US\" \/>\n<input type=\"hidden\" name=\"_wpcf7_unit_tag\" value=\"wpcf7-f12869-o1\" \/>\n<input type=\"hidden\" name=\"_wpcf7_container_post\" value=\"0\" \/>\n<input type=\"hidden\" name=\"_wpcf7_posted_data_hash\" value=\"\" \/>\n<input type=\"hidden\" name=\"_wpcf7_recaptcha_response\" value=\"\" \/>\n<\/div>\n<div class=\"uacf7-form-12869\"><span class=\"wpcf7-form-control-wrap\" data-name=\"email\"><input size=\"40\" class=\"wpcf7-form-control wpcf7-text wpcf7-validates-as-required\" aria-required=\"true\" aria-invalid=\"false\" placeholder=\"Enter your email address and press Enter.\" value=\"\" type=\"text\" name=\"email\" \/><\/span>\n<br><br>\n<center><p style=\"font-size:12px\";>By completing and submitting this form, I declare that I agree to receive communications from <b>Archibus Solution Center - Romania<\/b> and allow the storage and processing of my personal data in accordance with the terms and provisions of the <b><a href=\"\/privacy-policy\/\" target=\"_blank\">privacy policy<\/a><\/b>.<p><\/center><\/div><p style=\"display: none !important;\" class=\"akismet-fields-container\" data-prefix=\"_wpcf7_ak_\"><label>&#916;<textarea name=\"_wpcf7_ak_hp_textarea\" cols=\"45\" rows=\"8\" maxlength=\"100\"><\/textarea><\/label><input type=\"hidden\" id=\"ak_js_1\" name=\"_wpcf7_ak_js\" value=\"22\"\/><script>document.getElementById( \"ak_js_1\" ).setAttribute( \"value\", ( new Date() ).getTime() );<\/script><\/p><div class=\"wpcf7-response-output\" aria-hidden=\"true\"><\/div>\n<\/form>\n<\/div>\n<\/div>[\/vc_column_inner][vc_column_inner width=&#8221;1\/6&#8243;][\/vc_column_inner][\/vc_row_inner][\/vc_column][\/vc_row]<\/p>\n<\/section>","protected":false},"excerpt":{"rendered":"<p>[vc_row full_width=&#8221;stretch_row&#8221; css=&#8221;.vc_custom_1692873512489{padding-top: 100px !important;padding-bottom: 100px !important;}&#8221;][vc_column css=&#8221;.vc_custom_1515686761275{padding-right: 0px !important;padding-left: 0px !important;}&#8221;][vc_row_inner][vc_column_inner][\/vc_column_inner][\/vc_row_inner][vc_row_inner css=&#8221;.vc_custom_1586285995816{margin-bottom: 30px !important;}&#8221;][vc_column_inner css=&#8221;.vc_custom_1586286000110{padding-right: 0px !important;padding-left: 0px !important;}&#8221;][vc_basic_grid post_type=&#8221;post&#8221; max_items=&#8221;9&#8243; style=&#8221;load-more&#8221; items_per_page=&#8221;9&#8243; item=&#8221;3729&#8243; grid_id=&#8221;vc_gid:1706617439004-cd6299f1-07eb-8&#8243; taxonomies=&#8221;119&#8243;][\/vc_column_inner][\/vc_row_inner][\/vc_column][\/vc_row][vc_row full_width=&#8221;stretch_row&#8221; css=&#8221;.vc_custom_1692881096289{background-color: #0d122f !important;}&#8221;][vc_column][vc_row_inner css=&#8221;.vc_custom_1556019309541{padding-top: 100px !important;padding-bottom: 100px !important;}&#8221;][vc_column_inner width=&#8221;1\/6&#8243;][\/vc_column_inner][vc_column_inner width=&#8221;2\/3&#8243;][vc_column_text] S\u0103 continu\u0103m conversa\u021bia! [\/vc_column_text][vc_custom_heading text=&#8221;\u00censcrie-te la buletinul nostru informativ pentru a primi informa\u0163ii \u015fi perspective unice din [&hellip;]<\/p>\n","protected":false},"author":4,"featured_media":0,"parent":0,"menu_order":0,"comment_status":"closed","ping_status":"closed","template":"","meta":{"footnotes":""},"_links":{"self":[{"href":"https:\/\/staging.archibus.ro\/en\/wp-json\/wp\/v2\/pages\/12492"}],"collection":[{"href":"https:\/\/staging.archibus.ro\/en\/wp-json\/wp\/v2\/pages"}],"about":[{"href":"https:\/\/staging.archibus.ro\/en\/wp-json\/wp\/v2\/types\/page"}],"author":[{"embeddable":true,"href":"https:\/\/staging.archibus.ro\/en\/wp-json\/wp\/v2\/users\/4"}],"replies":[{"embeddable":true,"href":"https:\/\/staging.archibus.ro\/en\/wp-json\/wp\/v2\/comments?post=12492"}],"version-history":[{"count":2,"href":"https:\/\/staging.archibus.ro\/en\/wp-json\/wp\/v2\/pages\/12492\/revisions"}],"predecessor-version":[{"id":12877,"href":"https:\/\/staging.archibus.ro\/en\/wp-json\/wp\/v2\/pages\/12492\/revisions\/12877"}],"wp:attachment":[{"href":"https:\/\/staging.archibus.ro\/en\/wp-json\/wp\/v2\/media?parent=12492"}],"curies":[{"name":"wp","href":"https:\/\/api.w.org\/{rel}","templated":true}]}}